{"id":168874,"date":"2024-02-23T17:34:47","date_gmt":"2024-02-23T22:34:47","guid":{"rendered":"https:\/\/fortcoulonge.qc.ca.ottawavalleymedia.ca\/residents\/services-de-police-et-durgence\/"},"modified":"2024-08-26T20:55:26","modified_gmt":"2024-08-27T00:55:26","slug":"emergency-services","status":"publish","type":"page","link":"https:\/\/fortcoulonge.qc.ca\/en\/residents\/emergency-services\/","title":{"rendered":"Emergency Services"},"content":{"rendered":"\t\t<div data-elementor-type=\"wp-page\" data-elementor-id=\"168874\" class=\"elementor elementor-168874 elementor-167488\" data-elementor-post-type=\"page\">\n\t\t\t\t<div class=\"elementor-element elementor-element-9fa3d0f e-flex e-con-boxed e-con e-parent\" data-id=\"9fa3d0f\" data-element_type=\"container\" data-e-type=\"container\" data-settings=\"{&quot;background_background&quot;:&quot;classic&quot;}\">\n\t\t\t\t\t<div class=\"e-con-inner\">\n\t\t<div class=\"elementor-element elementor-element-4d30d77 e-flex e-con-boxed e-con e-child\" data-id=\"4d30d77\" data-element_type=\"container\" data-e-type=\"container\" data-settings=\"{&quot;background_background&quot;:&quot;classic&quot;}\">\n\t\t\t\t\t<div class=\"e-con-inner\">\n\t\t<div class=\"elementor-element elementor-element-bbba76d e-flex e-con-boxed e-con e-child\" data-id=\"bbba76d\" data-element_type=\"container\" data-e-type=\"container\">\n\t\t\t\t\t<div class=\"e-con-inner\">\n\t\t<div class=\"elementor-element elementor-element-1652b7c e-con-full e-flex e-con e-child\" data-id=\"1652b7c\" data-element_type=\"container\" data-e-type=\"container\">\n\t\t\t\t<div class=\"elementor-element elementor-element-e0c54c9 elementor-widget elementor-widget-heading\" data-id=\"e0c54c9\" data-element_type=\"widget\" data-e-type=\"widget\" data-widget_type=\"heading.default\">\n\t\t\t\t<div class=\"elementor-widget-container\">\n\t\t\t\t\t<h2 class=\"elementor-heading-title elementor-size-default\">911 emergencies<\/h2>\t\t\t\t<\/div>\n\t\t\t\t<\/div>\n\t\t\t\t<div class=\"elementor-element elementor-element-11a515c elementor-widget elementor-widget-text-editor\" data-id=\"11a515c\" data-element_type=\"widget\" data-e-type=\"widget\" data-widget_type=\"text-editor.default\">\n\t\t\t\t<div class=\"elementor-widget-container\">\n\t\t\t\t\t\t\t\t\t<h4>To reach police, ambulance or fire services, dial 911.<\/h4>\n<p><em><br>The 911 emergency call center will contact one or other of these services depending on the intervention required.<\/em><\/p>\t\t\t\t\t\t\t\t<\/div>\n\t\t\t\t<\/div>\n\t\t\t\t<div class=\"elementor-element elementor-element-1a4c75d elementor-widget elementor-widget-heading\" data-id=\"1a4c75d\" data-element_type=\"widget\" data-e-type=\"widget\" data-widget_type=\"heading.default\">\n\t\t\t\t<div class=\"elementor-widget-container\">\n\t\t\t\t\t<h2 class=\"elementor-heading-title elementor-size-default\">Police<\/h2>\t\t\t\t<\/div>\n\t\t\t\t<\/div>\n\t\t\t\t<div class=\"elementor-element elementor-element-083fd00 elementor-widget elementor-widget-text-editor\" data-id=\"083fd00\" data-element_type=\"widget\" data-e-type=\"widget\" data-widget_type=\"text-editor.default\">\n\t\t\t\t<div class=\"elementor-widget-container\">\n\t\t\t\t\t\t\t\t\t<p>The municipality of Fort-Coulonge is served by the S\u00fbret\u00e9 du Qu\u00e9bec. For non-emergency calls, please contact the S\u00fbret\u00e9 du Qu\u00e9bec at <strong>819-648-4141<\/strong>.<\/p>\t\t\t\t\t\t\t\t<\/div>\n\t\t\t\t<\/div>\n\t\t\t\t<div class=\"elementor-element elementor-element-66626f4 elementor-widget elementor-widget-heading\" data-id=\"66626f4\" data-element_type=\"widget\" data-e-type=\"widget\" data-widget_type=\"heading.default\">\n\t\t\t\t<div class=\"elementor-widget-container\">\n\t\t\t\t\t<h2 class=\"elementor-heading-title elementor-size-default\">Fire<\/h2>\t\t\t\t<\/div>\n\t\t\t\t<\/div>\n\t\t\t\t<div class=\"elementor-element elementor-element-6b5c978 elementor-widget elementor-widget-text-editor\" data-id=\"6b5c978\" data-element_type=\"widget\" data-e-type=\"widget\" data-widget_type=\"text-editor.default\">\n\t\t\t\t<div class=\"elementor-widget-container\">\n\t\t\t\t\t\t\t\t\t<p><em>559 Rue Baume<\/em><br \/><em>Fort-Coulonge, QC <\/em><br \/><em>J0X 1V0<\/em><\/p>\t\t\t\t\t\t\t\t<\/div>\n\t\t\t\t<\/div>\n\t\t\t\t<\/div>\n\t\t<div class=\"elementor-element elementor-element-7af4cce e-flex e-con-boxed e-con e-child\" data-id=\"7af4cce\" data-element_type=\"container\" data-e-type=\"container\">\n\t\t\t\t\t<div class=\"e-con-inner\">\n\t\t\t\t<div class=\"elementor-element elementor-element-9c7b311 elementor-widget elementor-widget-heading\" data-id=\"9c7b311\" data-element_type=\"widget\" data-e-type=\"widget\" data-widget_type=\"heading.default\">\n\t\t\t\t<div class=\"elementor-widget-container\">\n\t\t\t\t\t<h2 class=\"elementor-heading-title elementor-size-default\">Other important numbers<\/h2>\t\t\t\t<\/div>\n\t\t\t\t<\/div>\n\t\t\t\t<div class=\"elementor-element elementor-element-2b741d9 elementor-widget elementor-widget-text-editor\" data-id=\"2b741d9\" data-element_type=\"widget\" data-e-type=\"widget\" data-widget_type=\"text-editor.default\">\n\t\t\t\t<div class=\"elementor-widget-container\">\n\t\t\t\t\t\t\t\t\t<ul><li><strong>Violence Conjugale (S.O.S.):<\/strong> 1-800-363-9010<\/li><li><strong>Centre antipoison du Qu\u00e9bec:<\/strong> 1-800-463-5060<\/li><li><strong>Health Information: <\/strong>819-683-3000 or\u00a08-1-1<\/li><li><strong>Youth Protection:<\/strong> 1-800-567-6810 (any time, day or night)<\/li><li><strong>Parents anonymes: <\/strong>1 800-361-5085<\/li><li><strong>Center de pr\u00e9vention du suicide de Qu\u00e9bec: <\/strong>1-866-277-3553<\/li><li><strong>Animal control:<\/strong> Jacques Fortin (paging between 8:00 a.m. and 5:00 p.m.; otherwise contact the SQ) <strong>819-665-8333<\/strong><\/li><\/ul>\t\t\t\t\t\t\t\t<\/div>\n\t\t\t\t<\/div>\n\t\t\t\t<div class=\"elementor-element elementor-element-df58989 elementor-widget elementor-widget-image\" data-id=\"df58989\" data-element_type=\"widget\" data-e-type=\"widget\" data-widget_type=\"image.default\">\n\t\t\t\t<div class=\"elementor-widget-container\">\n\t\t\t\t\t\t\t\t\t\t\t\t\t\t\t<img decoding=\"async\" src=\"https:\/\/fortcoulonge.qc.ca\/wp-content\/uploads\/elementor\/thumbs\/IMG_7815-scaled-1-e1717528701286-qp6f4beh1iqzmkuzciv0wcirmx29c4kky488zo6me8.jpg\" title=\"IMG_7815-scaled.jpg\" alt=\"IMG_7815-scaled.jpg\" loading=\"lazy\" \/>\t\t\t\t\t\t\t\t\t\t\t\t\t\t\t<\/div>\n\t\t\t\t<\/div>\n\t\t\t\t\t<\/div>\n\t\t\t\t<\/div>\n\t\t\t\t\t<\/div>\n\t\t\t\t<\/div>\n\t\t\t\t\t<\/div>\n\t\t\t\t<\/div>\n\t\t\t\t\t<\/div>\n\t\t\t\t<\/div>\n\t\t\t\t<\/div>\n\t\t","protected":false},"excerpt":{"rendered":"<p>911 emergencies To reach police, ambulance or fire services, dial 911. The 911 emergency call center will contact one or other of these services depending on the intervention required. Police The municipality of Fort-Coulonge is served by the S\u00fbret\u00e9 du Qu\u00e9bec. For non-emergency calls, please contact the S\u00fbret\u00e9 du Qu\u00e9bec at 819-648-4141. Fire 559 Rue [&hellip;]<\/p>\n","protected":false},"author":1,"featured_media":175276,"parent":4899,"menu_order":0,"comment_status":"closed","ping_status":"closed","template":"","meta":{"_acf_changed":false,"footnotes":""},"class_list":["post-168874","page","type-page","status-publish","has-post-thumbnail","hentry"],"acf":[],"yoast_head":"<!-- This site is optimized with the Yoast SEO plugin v27.3 - https:\/\/yoast.com\/product\/yoast-seo-wordpress\/ -->\n<title>Emergency Services - Fort Coulonge<\/title>\n<meta name=\"robots\" content=\"index, follow, max-snippet:-1, max-image-preview:large, max-video-preview:-1\" \/>\n<link rel=\"canonical\" href=\"https:\/\/fortcoulonge.qc.ca\/en\/residents\/emergency-services\/\" \/>\n<meta property=\"og:locale\" content=\"en_US\" \/>\n<meta property=\"og:type\" content=\"article\" \/>\n<meta property=\"og:title\" content=\"Emergency Services - Fort Coulonge\" \/>\n<meta property=\"og:description\" content=\"911 emergencies To reach police, ambulance or fire services, dial 911. The 911 emergency call center will contact one or other of these services depending on the intervention required. Police The municipality of Fort-Coulonge is served by the S\u00fbret\u00e9 du Qu\u00e9bec. For non-emergency calls, please contact the S\u00fbret\u00e9 du Qu\u00e9bec at 819-648-4141. Fire 559 Rue [&hellip;]\" \/>\n<meta property=\"og:url\" content=\"https:\/\/fortcoulonge.qc.ca\/en\/residents\/emergency-services\/\" \/>\n<meta property=\"og:site_name\" content=\"Fort Coulonge\" \/>\n<meta property=\"article:publisher\" content=\"https:\/\/www.facebook.com\/FortCoulonge\" \/>\n<meta property=\"article:modified_time\" content=\"2024-08-27T00:55:26+00:00\" \/>\n<meta property=\"og:image\" content=\"https:\/\/fortcoulonge.qc.ca\/wp-content\/uploads\/2024\/08\/fort-coulonge-emergency-services.webp\" \/>\n\t<meta property=\"og:image:width\" content=\"2000\" \/>\n\t<meta property=\"og:image:height\" content=\"1360\" \/>\n\t<meta property=\"og:image:type\" content=\"image\/webp\" \/>\n<meta name=\"twitter:card\" content=\"summary_large_image\" \/>\n<meta name=\"twitter:label1\" content=\"Est. reading time\" \/>\n\t<meta name=\"twitter:data1\" content=\"1 minute\" \/>\n<script type=\"application\/ld+json\" class=\"yoast-schema-graph\">{\"@context\":\"https:\\\/\\\/schema.org\",\"@graph\":[{\"@type\":\"WebPage\",\"@id\":\"https:\\\/\\\/fortcoulonge.qc.ca\\\/en\\\/residents\\\/emergency-services\\\/\",\"url\":\"https:\\\/\\\/fortcoulonge.qc.ca\\\/en\\\/residents\\\/emergency-services\\\/\",\"name\":\"Emergency Services - Fort Coulonge\",\"isPartOf\":{\"@id\":\"https:\\\/\\\/fortcoulonge.qc.ca\\\/en\\\/#website\"},\"primaryImageOfPage\":{\"@id\":\"https:\\\/\\\/fortcoulonge.qc.ca\\\/en\\\/residents\\\/emergency-services\\\/#primaryimage\"},\"image\":{\"@id\":\"https:\\\/\\\/fortcoulonge.qc.ca\\\/en\\\/residents\\\/emergency-services\\\/#primaryimage\"},\"thumbnailUrl\":\"https:\\\/\\\/fortcoulonge.qc.ca\\\/wp-content\\\/uploads\\\/2024\\\/08\\\/fort-coulonge-emergency-services.webp\",\"datePublished\":\"2024-02-23T22:34:47+00:00\",\"dateModified\":\"2024-08-27T00:55:26+00:00\",\"breadcrumb\":{\"@id\":\"https:\\\/\\\/fortcoulonge.qc.ca\\\/en\\\/residents\\\/emergency-services\\\/#breadcrumb\"},\"inLanguage\":\"en-US\",\"potentialAction\":[{\"@type\":\"ReadAction\",\"target\":[\"https:\\\/\\\/fortcoulonge.qc.ca\\\/en\\\/residents\\\/emergency-services\\\/\"]}]},{\"@type\":\"ImageObject\",\"inLanguage\":\"en-US\",\"@id\":\"https:\\\/\\\/fortcoulonge.qc.ca\\\/en\\\/residents\\\/emergency-services\\\/#primaryimage\",\"url\":\"https:\\\/\\\/fortcoulonge.qc.ca\\\/wp-content\\\/uploads\\\/2024\\\/08\\\/fort-coulonge-emergency-services.webp\",\"contentUrl\":\"https:\\\/\\\/fortcoulonge.qc.ca\\\/wp-content\\\/uploads\\\/2024\\\/08\\\/fort-coulonge-emergency-services.webp\",\"width\":2000,\"height\":1360,\"caption\":\"Fort Coulonge\"},{\"@type\":\"BreadcrumbList\",\"@id\":\"https:\\\/\\\/fortcoulonge.qc.ca\\\/en\\\/residents\\\/emergency-services\\\/#breadcrumb\",\"itemListElement\":[{\"@type\":\"ListItem\",\"position\":1,\"name\":\"Home\",\"item\":\"https:\\\/\\\/fortcoulonge.qc.ca\\\/en\\\/\"},{\"@type\":\"ListItem\",\"position\":2,\"name\":\"Residents\",\"item\":\"https:\\\/\\\/fortcoulonge.qc.ca\\\/en\\\/residents\\\/\"},{\"@type\":\"ListItem\",\"position\":3,\"name\":\"Emergency Services\"}]},{\"@type\":\"WebSite\",\"@id\":\"https:\\\/\\\/fortcoulonge.qc.ca\\\/en\\\/#website\",\"url\":\"https:\\\/\\\/fortcoulonge.qc.ca\\\/en\\\/\",\"name\":\"Fort Coulonge\",\"description\":\"Petit Village, Grand Coeur\",\"publisher\":{\"@id\":\"https:\\\/\\\/fortcoulonge.qc.ca\\\/en\\\/#organization\"},\"potentialAction\":[{\"@type\":\"SearchAction\",\"target\":{\"@type\":\"EntryPoint\",\"urlTemplate\":\"https:\\\/\\\/fortcoulonge.qc.ca\\\/en\\\/?s={search_term_string}\"},\"query-input\":{\"@type\":\"PropertyValueSpecification\",\"valueRequired\":true,\"valueName\":\"search_term_string\"}}],\"inLanguage\":\"en-US\"},{\"@type\":\"Organization\",\"@id\":\"https:\\\/\\\/fortcoulonge.qc.ca\\\/en\\\/#organization\",\"name\":\"Village de Fort-Coulonge\",\"url\":\"https:\\\/\\\/fortcoulonge.qc.ca\\\/en\\\/\",\"logo\":{\"@type\":\"ImageObject\",\"inLanguage\":\"en-US\",\"@id\":\"https:\\\/\\\/fortcoulonge.qc.ca\\\/en\\\/#\\\/schema\\\/logo\\\/image\\\/\",\"url\":\"https:\\\/\\\/fortcoulonge.qc.ca\\\/wp-content\\\/uploads\\\/2023\\\/05\\\/fort-coulonge-logo-2024.webp\",\"contentUrl\":\"https:\\\/\\\/fortcoulonge.qc.ca\\\/wp-content\\\/uploads\\\/2023\\\/05\\\/fort-coulonge-logo-2024.webp\",\"width\":2500,\"height\":2500,\"caption\":\"Village de Fort-Coulonge\"},\"image\":{\"@id\":\"https:\\\/\\\/fortcoulonge.qc.ca\\\/en\\\/#\\\/schema\\\/logo\\\/image\\\/\"},\"sameAs\":[\"https:\\\/\\\/www.facebook.com\\\/FortCoulonge\",\"https:\\\/\\\/www.instagram.com\\\/destination.pontiac\\\/\",\"https:\\\/\\\/www.youtube.com\\\/channel\\\/UCsfXrrSPVm8eMca37PeSZYg\",\"https:\\\/\\\/www.linkedin.com\\\/company\\\/mrc-pontiac\\\/\"]}]}<\/script>\n<!-- \/ Yoast SEO plugin. -->","yoast_head_json":{"title":"Emergency Services - Fort Coulonge","robots":{"index":"index","follow":"follow","max-snippet":"max-snippet:-1","max-image-preview":"max-image-preview:large","max-video-preview":"max-video-preview:-1"},"canonical":"https:\/\/fortcoulonge.qc.ca\/en\/residents\/emergency-services\/","og_locale":"en_US","og_type":"article","og_title":"Emergency Services - Fort Coulonge","og_description":"911 emergencies To reach police, ambulance or fire services, dial 911. The 911 emergency call center will contact one or other of these services depending on the intervention required. Police The municipality of Fort-Coulonge is served by the S\u00fbret\u00e9 du Qu\u00e9bec. For non-emergency calls, please contact the S\u00fbret\u00e9 du Qu\u00e9bec at 819-648-4141. Fire 559 Rue [&hellip;]","og_url":"https:\/\/fortcoulonge.qc.ca\/en\/residents\/emergency-services\/","og_site_name":"Fort Coulonge","article_publisher":"https:\/\/www.facebook.com\/FortCoulonge","article_modified_time":"2024-08-27T00:55:26+00:00","og_image":[{"width":2000,"height":1360,"url":"https:\/\/fortcoulonge.qc.ca\/wp-content\/uploads\/2024\/08\/fort-coulonge-emergency-services.webp","type":"image\/webp"}],"twitter_card":"summary_large_image","twitter_misc":{"Est. reading time":"1 minute"},"schema":{"@context":"https:\/\/schema.org","@graph":[{"@type":"WebPage","@id":"https:\/\/fortcoulonge.qc.ca\/en\/residents\/emergency-services\/","url":"https:\/\/fortcoulonge.qc.ca\/en\/residents\/emergency-services\/","name":"Emergency Services - Fort Coulonge","isPartOf":{"@id":"https:\/\/fortcoulonge.qc.ca\/en\/#website"},"primaryImageOfPage":{"@id":"https:\/\/fortcoulonge.qc.ca\/en\/residents\/emergency-services\/#primaryimage"},"image":{"@id":"https:\/\/fortcoulonge.qc.ca\/en\/residents\/emergency-services\/#primaryimage"},"thumbnailUrl":"https:\/\/fortcoulonge.qc.ca\/wp-content\/uploads\/2024\/08\/fort-coulonge-emergency-services.webp","datePublished":"2024-02-23T22:34:47+00:00","dateModified":"2024-08-27T00:55:26+00:00","breadcrumb":{"@id":"https:\/\/fortcoulonge.qc.ca\/en\/residents\/emergency-services\/#breadcrumb"},"inLanguage":"en-US","potentialAction":[{"@type":"ReadAction","target":["https:\/\/fortcoulonge.qc.ca\/en\/residents\/emergency-services\/"]}]},{"@type":"ImageObject","inLanguage":"en-US","@id":"https:\/\/fortcoulonge.qc.ca\/en\/residents\/emergency-services\/#primaryimage","url":"https:\/\/fortcoulonge.qc.ca\/wp-content\/uploads\/2024\/08\/fort-coulonge-emergency-services.webp","contentUrl":"https:\/\/fortcoulonge.qc.ca\/wp-content\/uploads\/2024\/08\/fort-coulonge-emergency-services.webp","width":2000,"height":1360,"caption":"Fort Coulonge"},{"@type":"BreadcrumbList","@id":"https:\/\/fortcoulonge.qc.ca\/en\/residents\/emergency-services\/#breadcrumb","itemListElement":[{"@type":"ListItem","position":1,"name":"Home","item":"https:\/\/fortcoulonge.qc.ca\/en\/"},{"@type":"ListItem","position":2,"name":"Residents","item":"https:\/\/fortcoulonge.qc.ca\/en\/residents\/"},{"@type":"ListItem","position":3,"name":"Emergency Services"}]},{"@type":"WebSite","@id":"https:\/\/fortcoulonge.qc.ca\/en\/#website","url":"https:\/\/fortcoulonge.qc.ca\/en\/","name":"Fort Coulonge","description":"Petit Village, Grand Coeur","publisher":{"@id":"https:\/\/fortcoulonge.qc.ca\/en\/#organization"},"potentialAction":[{"@type":"SearchAction","target":{"@type":"EntryPoint","urlTemplate":"https:\/\/fortcoulonge.qc.ca\/en\/?s={search_term_string}"},"query-input":{"@type":"PropertyValueSpecification","valueRequired":true,"valueName":"search_term_string"}}],"inLanguage":"en-US"},{"@type":"Organization","@id":"https:\/\/fortcoulonge.qc.ca\/en\/#organization","name":"Village de Fort-Coulonge","url":"https:\/\/fortcoulonge.qc.ca\/en\/","logo":{"@type":"ImageObject","inLanguage":"en-US","@id":"https:\/\/fortcoulonge.qc.ca\/en\/#\/schema\/logo\/image\/","url":"https:\/\/fortcoulonge.qc.ca\/wp-content\/uploads\/2023\/05\/fort-coulonge-logo-2024.webp","contentUrl":"https:\/\/fortcoulonge.qc.ca\/wp-content\/uploads\/2023\/05\/fort-coulonge-logo-2024.webp","width":2500,"height":2500,"caption":"Village de Fort-Coulonge"},"image":{"@id":"https:\/\/fortcoulonge.qc.ca\/en\/#\/schema\/logo\/image\/"},"sameAs":["https:\/\/www.facebook.com\/FortCoulonge","https:\/\/www.instagram.com\/destination.pontiac\/","https:\/\/www.youtube.com\/channel\/UCsfXrrSPVm8eMca37PeSZYg","https:\/\/www.linkedin.com\/company\/mrc-pontiac\/"]}]}},"_links":{"self":[{"href":"https:\/\/fortcoulonge.qc.ca\/en\/wp-json\/wp\/v2\/pages\/168874","targetHints":{"allow":["GET"]}}],"collection":[{"href":"https:\/\/fortcoulonge.qc.ca\/en\/wp-json\/wp\/v2\/pages"}],"about":[{"href":"https:\/\/fortcoulonge.qc.ca\/en\/wp-json\/wp\/v2\/types\/page"}],"author":[{"embeddable":true,"href":"https:\/\/fortcoulonge.qc.ca\/en\/wp-json\/wp\/v2\/users\/1"}],"replies":[{"embeddable":true,"href":"https:\/\/fortcoulonge.qc.ca\/en\/wp-json\/wp\/v2\/comments?post=168874"}],"version-history":[{"count":5,"href":"https:\/\/fortcoulonge.qc.ca\/en\/wp-json\/wp\/v2\/pages\/168874\/revisions"}],"predecessor-version":[{"id":175557,"href":"https:\/\/fortcoulonge.qc.ca\/en\/wp-json\/wp\/v2\/pages\/168874\/revisions\/175557"}],"up":[{"embeddable":true,"href":"https:\/\/fortcoulonge.qc.ca\/en\/wp-json\/wp\/v2\/pages\/4899"}],"wp:featuredmedia":[{"embeddable":true,"href":"https:\/\/fortcoulonge.qc.ca\/en\/wp-json\/wp\/v2\/media\/175276"}],"wp:attachment":[{"href":"https:\/\/fortcoulonge.qc.ca\/en\/wp-json\/wp\/v2\/media?parent=168874"}],"curies":[{"name":"wp","href":"https:\/\/api.w.org\/{rel}","templated":true}]}}