{"id":175518,"date":"2024-08-16T17:13:54","date_gmt":"2024-08-16T21:13:54","guid":{"rendered":"https:\/\/fortcoulonge.qc.ca.ottawavalleymedia.ca\/soumettez-votre-evenement\/"},"modified":"2025-03-20T11:34:48","modified_gmt":"2025-03-20T15:34:48","slug":"submit-your-event","status":"publish","type":"page","link":"https:\/\/fortcoulonge.qc.ca\/en\/submit-your-event\/","title":{"rendered":"Submit Your Event"},"content":{"rendered":"\t\t<div data-elementor-type=\"wp-page\" data-elementor-id=\"175518\" class=\"elementor elementor-175518 elementor-175381\" data-elementor-post-type=\"page\">\n\t\t\t\t<div class=\"elementor-element elementor-element-d00bd7e e-flex e-con-boxed e-con e-parent\" data-id=\"d00bd7e\" data-element_type=\"container\" data-e-type=\"container\">\n\t\t\t\t\t<div class=\"e-con-inner\">\n\t\t<div class=\"elementor-element elementor-element-0affbec e-con-full e-flex e-con e-child\" data-id=\"0affbec\" data-element_type=\"container\" data-e-type=\"container\">\n\t\t<div class=\"elementor-element elementor-element-079f887 e-con-full e-flex e-con e-child\" data-id=\"079f887\" data-element_type=\"container\" data-e-type=\"container\">\n\t\t\t\t<div class=\"elementor-element elementor-element-6a5cdcc elementor-widget elementor-widget-text-editor\" data-id=\"6a5cdcc\" data-element_type=\"widget\" data-e-type=\"widget\" data-widget_type=\"text-editor.default\">\n\t\t\t\t<div class=\"elementor-widget-container\">\n\t\t\t\t\t\t\t\t\t<p>Residents of L&#8217;Isle-aux-Allumettes, Chichester, and Sheenboro are invited to submit their local events for inclusion in the Pontiac Ouest calendar. Share details of festivals, fundraisers, community meetings, or any other gatherings to help increase visibility and participation. By filling out the form with accurate and complete information, your event could be featured and reach a wider audience.<\/p><p>Please note that all event submissions are subject to an approval process to ensure they adhere to community guidelines and standards. While we strive to include a wide variety of events, submission does not guarantee posting. We appreciate your cooperation and look forward to promoting the diverse activities of Pontiac Ouest.<\/p>\t\t\t\t\t\t\t\t<\/div>\n\t\t\t\t<\/div>\n\t\t\t\t<\/div>\n\t\t<div class=\"elementor-element elementor-element-047fd4d e-con-full e-flex e-con e-child\" data-id=\"047fd4d\" data-element_type=\"container\" data-e-type=\"container\">\n\t\t\t\t<div class=\"elementor-element elementor-element-3ce19ca elementor-widget elementor-widget-heading\" data-id=\"3ce19ca\" data-element_type=\"widget\" data-e-type=\"widget\" data-widget_type=\"heading.default\">\n\t\t\t\t<div class=\"elementor-widget-container\">\n\t\t\t\t\t<h2 class=\"elementor-heading-title elementor-size-default\">EVENT DETAILS<\/h2>\t\t\t\t<\/div>\n\t\t\t\t<\/div>\n\t\t\t\t<div class=\"elementor-element elementor-element-ae2fbf2 elementor-widget elementor-widget-shortcode\" data-id=\"ae2fbf2\" data-element_type=\"widget\" data-e-type=\"widget\" data-widget_type=\"shortcode.default\">\n\t\t\t\t<div class=\"elementor-widget-container\">\n\t\t\t\t\t\t\t<div class=\"elementor-shortcode\"><form method=\"post\" class=\"acfe-form\" data-cid=\"69ed0ebe5b3f7\">\t<div id=\"acf-form-data\" class=\"acf-hidden\">\n\t\t<input type=\"hidden\" id=\"_acf_screen\" name=\"_acf_screen\" value=\"acfe_form\"\/><input type=\"hidden\" id=\"_acf_post_id\" name=\"_acf_post_id\" value=\"175518\"\/><input type=\"hidden\" id=\"_acf_validation\" name=\"_acf_validation\" value=\"1\"\/><input type=\"hidden\" id=\"_acf_form\" name=\"_acf_form\" value=\"eVJieXlhSUVYTWMwRGlEcnJTSk5uOWpYM2VrMmtWUkpiTTlOMXhneGY0NFNHRmFkSExWQnlIdjYzTUUzTVpnYnZMcWZRcjhpV1lVVldVeXNpWE50VjZxNVdnc3dhVG56SENmdStHUFBBejZBZzJINWNJbWpLdzBuK0xac1RxK3BpVnVNOEt5QWFBVm1jK2VsSExlY2dtbEIvUitxcjNWSStheEkwOVV2UldINXczOFhwLzd1T2N1blhucXdiMFFCR204azQyVld5ZGxsVWZHWEphWFRjTTMzeFZPODlocy9ha2d0dXpvaUdLdDgxOTF4UWloMHNFMW1MRGNvems3Wk1CS3FMdEhqc1VMTEVDelljcnREaTgrblZkTmFmWFRocEE3S0psaUJKTkhCZjlQVW9tV2txeVA5T3pBeGg1MzJ4a0E0MisrblYvSFovRGJ4d0NiQXd3elpYUjZhdHVTeUNSKzJaTU1FcjR5QjJrdlAvd1BBWkFrM0JvUmVFeUZCY0VLVWRUSDZmQmpXZXo4b2l5YWFFOUxjRzZzSTZEbVE2SWVGek9oTElmR0VDQnZsTFh0ZURTUVB4VGlpeUN2TVRKL3grQTUySDF2S000ejRrVUdUOFh0Nk9iR1BMdmJ5dyt5ck5JVm96MjNxQmZGL2FNRlFYSFhJRmV0a28rMHBTNi8rejVTdVV2RmRINnB3MlY0NmNPR3AwNllEWVhFNU1NckdEaGJiTG1RcjBncTVhclNjUWk0RFcvY3JMalcweXgvT3loWWtNbTJGR1JPamkvelRmZXYwcFBaNUEzL2VoNlp0cWJoZHVMeWhmVmFOOWlpQksxUnFEbFRjYTVDbHRrUEFocm5MMEFwamk3elJhdk44Y0JsUU13TGlackpYZkJycDlXQmZMckEzdm1KbWVFQmFmZDJTdDlLRkFUci81eUErUisvd3B6ZjJrTUFyOVFOUmVJTFhGai8zdXM1b2cvd0NuZm5EdUMwdC9CN1lyWkpHd2xSeU51Y0xleXBRN1g2clF4MXZFN3RzU1ArWmhkQ2tRd3p4SnBaZmpXcHFUcWtEWVZUT3ZtR1greG1RMFpUemRuaWd6SGdqcU9sM0VuUUFYSmkrOFR3M2RLRzZHbXQrdVVMQ2ZQRllsbmxqOFV5M0xoNTgvVjB4QXF2cmhZRyt3L3lFemQzK1RoWWFFUjFsUkhxSjY2Z2l3OGVrb1lZVlIvWlhrS25KL2ZIRXFXN3lNcFQ4YTdNa3EyVnlodlhldG0wQmt4aUgwc1ZrQzV3bmorVmNXKzhySGNEK1BRbG9sN1YzMCt3Z0QwUUdVdDZlc3YyZFFnVXdWanAxaGJPczdYQm5zVWsvRm4yOFE5MG4wSlR2NjFYOTRLa2s2VTNlOUx6WW02VjNkTVc1STNtbDdmN0FQZUhzR0pHYTF6SGlrTGNNWjhqL0hCaVk4UXhuRGVENDFncDkrWkdhWDA4cHUvcVV6alk5WVlDM2RhVGNrT2U2TWJsVk45U05zam5mSEFKOXJKMlV2c3Rnc0hlc1YwS1dSZG00WmZGOWpTZ2pERk1pUlZCZGpBeHRQdHFiNGJrREI4VWxnNmZ2WnR3Y1BRU2s2anAyTDRqeWJySS9IdXBxRlZhMCtMNGJ0S1hzTUo4WisxbGFUNDVqUTlZVGZoT3ZOa2FOZG9vRUNneGd2eG0vZVJJVSs2cW5rWVJoaTZidGRabThtRktubkl1R0Z0YTdheXZqUzNYekhKZUYvM2ZnQmpmeElJZHdySUg5U2pTTmdkd2JVNmozVEZTdnZUQWswL3Rlc2ZnZU9iZUc2TEJYMCtDemM1b0dpU2RLcXpTdndoc252b2RHeGVxZC9TcmJBTjc0NHhCR3lkNHROeFRXZU4zcTRXY2pGUU1XQlJHSHQ0am00OC9jZUFaQU1IU3pXV2JyT0tyZ25KYnF0eTF2ZmpDdjdQU1BkbXkrUjRjRHlxSE1lMzFIYzZPRDZoMjF5djVWTnpFbmJ6N2VLNE1aWUpNVk52Z1Arb1k4QVhXc3FaUWN3Q21PdWVTRDA0TFFoNzdsZW9qUms5WHBkVG1mUjQvck85SForYVZVNExLcWR2T09QWkxRbm9aSk1FdUhtZ1lHeHIzcjErbTQxWXdnR3VjWGU1SnhsWEw4SXd5bEZNNUdBR2k3cEk0U2Nla3FYNFZ1bFVSbXFQbENzcXBnQ0JteU84RlRlZ2wzckNyL3k0U1IwQ1dGdzVDUllzV1NPZ2lBUVNTaTJwV3oxQzJnRHpQUy9lYUw2QVFzNFhSd3EwNUhlNnVuSjJQd2FHaDFIZE8wVWFQZ2k3RmtpaVB5Qjhxbjh0Y1cxTU56MGRyMmNuSHpJNTY4b0swODJkVXczZzM3RWhNQUpDUHBGY01oeGQxMy9ydVVTU214SWR2Q1hod3dlMTJWd3ROektkVTdGd21JekZIejE5cm1ZTCtLWXB6am90cXJoRFQ0MWhBVm9NekViWXAvTnJBMFVSTm96RWJrTkZNTjlnMDFaSk95UjVqOFg2R0QzOGlRNEIyOCttdzBiazZESEtQRlp5VDdSOTh5NyttTHg5a3J6aXBNSFhuVm1yOThnZE1QNjNBNFhkZkpIemhDdDg0Q3FNazhVTWlYdURjTDdsUVZFS3I5WkJDR3ZoSThZaXpka01DMG5IVERtZU1XU3JDMmV3MUVrYm1YYmxveUpGQ09PaHlFTWY1QXRvV0VJZGo3RXYvQnFPcXE0SDJOM3QrOTdsM1NoTmU3NUN6UHI0Yzh2bENUaWZ4NHhFNFRoWGUwNktTWFhGUUMrN1NoL001ZFBwR2dWMGdXYUg5Z3NQc2Jrb0hYZy9OMTE5aVdQTjVBcmJyaVFGZGJqSnltd3dPb25WTVQ4eDFVVUNDN1lHeHFJWldKK2tEQ1k5bitSNEVYeUhkQkpBUkdhZ3BRdFEzL0k3S2lKbmZMREkyTE5Gd0RWQ0FVclZRb2lybDJNc0ZiTG5iNkl3V1FGYWprdWMwdGdFdFZDSGpXaVRoVHlnRmxlZVNsa1NDK25ZWDc4aDVUUzR1aGRvTDdSUGNycndnV256aUZiblFjYlJsRGkxN2NvS3NEOWR2bUhaNHpsT3NmWk1SV0tESmFlNnJtWVRzVXM5UFdvMjRBVmFQVk8wb2NKRWtodTRoNU9OMlhQVzRTVXluU3gyYTlUWktmQmtXRDA4ZllhQW5HQVdZY2kxS3kzY2NzbW9xSnQ5Z0k1cmNhN1gvb0Ftekd6dlN5Z2R6SEs1TXZmM0lkMm9yUnh1SXhUb2YwYTZ0anR0Zjh1eEZZa3lscGZwYmR0eUd2ZzZJanVsY1VJdEs4RnpUKyt4d0NSRGt5MDlDblBzTnFBSHBqL0RlY2U3cEVNOTlTbUx3VStHTGJWcC94MVBObitjbml1bTJValllRHh5Rm9JUittRnF1SSt6Q2VSRkdBQXlGbUF4WVA1QXpXWVFZR1I2dFlQT29wZXJVUVhaSFBQU1daRGtlMjUyc2tMVXJnVFpmZEwyVXlNY1J4TWRVajlOMEtEUzE5TXNLclhieUxSUk5vLyt5VDQyREg2VWV5M1dJKy9sR0ZXRXNGcEFzcm80c0dVay9TcU1majBFYlBnODQ2ZTRKSmdGUTl3MDBrWHpEMzdZNWNTcGZ1Y1FsWTBqWmozWjBZN0pCUGhnVFZlc096STJHdm5FTkZFTkJBRW1GWnpvNXZueW1sWVV1a3V6MzZVdWNmYnZjeDA1UndSTy9RWWlQRjhvdVpvQU16aHQ1R2l4TXk3U2VJQmhpWjJGeVpqV3JXY1pyUGk0Rnp0MGgrTEFuQ2VpVHBKNW5xYTRSQmFIZCtoN2J4NEdJWHZ6LzRCdUJFUUtlUXk5dGJHcFladS9TTkpnRFNESWJJZEtBeStzYWpyOEpjQkxCLytBTWpWQ0poZVNLTG9CaE9pVHlFYitDOVMzSXo3ZlVIdyt0WnpGMUJabmFYTmpQM1FXYU5LNUJOSGxuQW9HT1MvMTZ6emNKTnJmVDJlMUZPTXpQWEVncUt0cWJoM0tlaTkwbmsreFBxL3hzaFF6eTdxbk0zSVMxRkM2SGJrZVpneHJYVWJyWTdWbkpGMkpKeFN4YUpXVW95Qk1PYzdpNjRHVVN2QzJjUUsyTUtqdHlrVUcxY1R5UkhobHA4S25TeXp4NVlRdFlLUlo2aXpIdlBCMjBQL25DUWdOaWl5dHNiYjNmNmJER1A4WXZkcWlCN2wvaHhtaHE2TUFsVVhGaGtObXBlalJiZldOZWNDYkRQR1liZFFaaUR0YXlaUFBPZ2J1K2dlTERPT3h2aExmb2FVZWVzUjczbUN0YUVJV1lBamtVVnNIUDZvNE1IUmQ2cEV3bGNEdG84SHlrbjA1OFFyVXJ1ZkN5NkN5U201eUk5UVJqR29IaGpsNWtPK3V0Zjo6OA1+A34ytCRxS+BfVU97cw==\"\/><input type=\"hidden\" id=\"_acf_nonce\" name=\"_acf_nonce\" value=\"e6d1514294\"\/><input type=\"hidden\" id=\"_acf_changed\" name=\"_acf_changed\" value=\"0\"\/><input type=\"hidden\" id=\"_acf_location[post_id]\" name=\"_acf_location[post_id]\" value=\"175518\"\/>\t<\/div>\n\t<div class=\"acf-fields acf-form-fields -top\"><div class=\"acf-field acf-field-text acf-field--validate-email\" style=\"display:none !important;\" data-name=\"_validate_email\" data-type=\"text\" data-key=\"_validate_email\">\n<div class=\"acf-label\">\n<label for=\"acf-_validate_email\">Validate Email<\/label><\/div>\n<div class=\"acf-input\">\n<div class=\"acf-input-wrap\"><input type=\"text\" id=\"acf-_validate_email\" name=\"acf[_validate_email]\"\/><\/div><\/div>\n<\/div>\n<div class=\"acf-field acf-field-column acf-field-66bfc3dde0f4c\" data-type=\"column\" data-key=\"field_66bfc3dde0f4c\">\n<div class=\"acf-label\">\n<label for=\"acf-field_66bfc3dde0f4c\">Column 1<\/label><\/div>\n<div class=\"acf-input\">\n\t\t<div class=\"acf_column\">Column 1<\/div>\n\t\t<div class=\"acf-column column-layout-1_2\" data-id=\"field_66bfc3dde0f4c\" data-column=\"1_2\">&nbsp;<\/div>\t\t<\/div>\n<\/div>\n<div class=\"acf-field acf-field-text acf-field-66bfc3eae0f4d\" data-name=\"your_name\" data-type=\"text\" data-key=\"field_66bfc3eae0f4d\">\n<div class=\"acf-label\">\n<label for=\"acf-field_66bfc3eae0f4d\">Votre Nom<\/label><\/div>\n<div class=\"acf-input\">\n<div class=\"acf-input-wrap\"><input type=\"text\" id=\"acf-field_66bfc3eae0f4d\" name=\"acf[field_66bfc3eae0f4d]\"\/><\/div><\/div>\n<\/div>\n<div class=\"acf-field acf-field-email acf-field-66bfc3fce0f4e\" data-name=\"your_email\" data-type=\"email\" data-key=\"field_66bfc3fce0f4e\">\n<div class=\"acf-label\">\n<label for=\"acf-field_66bfc3fce0f4e\">Courriel<\/label><\/div>\n<div class=\"acf-input\">\n<div class=\"acf-input-wrap\"><input type=\"email\" id=\"acf-field_66bfc3fce0f4e\" name=\"acf[field_66bfc3fce0f4e]\"\/><\/div><\/div>\n<\/div>\n<div class=\"acf-field acf-field-text acf-field-66bfc41de0f4f\" data-name=\"votre_telephone\" data-type=\"text\" data-key=\"field_66bfc41de0f4f\">\n<div class=\"acf-label\">\n<label for=\"acf-field_66bfc41de0f4f\">T\u00e9l\u00e9phone<\/label><\/div>\n<div class=\"acf-input\">\n<div class=\"acf-input-wrap\"><input type=\"text\" id=\"acf-field_66bfc41de0f4f\" name=\"acf[field_66bfc41de0f4f]\"\/><\/div><\/div>\n<\/div>\n<div class=\"acf-field acf-field-checkbox acf-field-66bfc42fe0f50 is-required\" data-name=\"privacy_check\" data-type=\"checkbox\" data-key=\"field_66bfc42fe0f50\" data-required=\"1\">\n<div class=\"acf-label\">\n<label id=\"acf-field_66bfc42fe0f50-label\">En soumettant cet \u00e9v\u00e9nement, j&#039;accepte la politique de confidentialit\u00e9 de ce site web <span class=\"acf-required\">*<\/span><\/label><\/div>\n<div class=\"acf-input\">\n<input type=\"hidden\" name=\"acf[field_66bfc42fe0f50]\"\/><ul class=\"acf-checkbox-list acf-bl\" role=\"group\" aria-labelledby=\"acf-field_66bfc42fe0f50-label\">\n<li><label><input type=\"checkbox\" id=\"acf-field_66bfc42fe0f50-J&#039;accepte\" name=\"acf[field_66bfc42fe0f50][]\" value=\"J&#039;accepte\"\/> J'accepte<\/label><\/li>\n<\/ul>\n<\/div>\n<\/div>\n<div class=\"acf-field acf-field-column acf-field-66bfc44de0f52\" data-type=\"column\" data-key=\"field_66bfc44de0f52\">\n<div class=\"acf-label\">\n<label for=\"acf-field_66bfc44de0f52\">Column 2<\/label><\/div>\n<div class=\"acf-input\">\n\t\t<div class=\"acf_column\">Column 2<\/div>\n\t\t<div class=\"acf-column column-layout-1_2\" data-id=\"field_66bfc44de0f52\" data-column=\"1_2\">&nbsp;<\/div>\t\t<\/div>\n<\/div>\n<div class=\"acf-field acf-field-text acf-field-66bfc65a5a9c6 is-required\" data-name=\"nom_du_evenement\" data-type=\"text\" data-key=\"field_66bfc65a5a9c6\" data-required=\"1\">\n<div class=\"acf-label\">\n<label for=\"acf-field_66bfc65a5a9c6\">Nom du \u00e9v\u00e9nement (Francais) <span class=\"acf-required\">*<\/span><\/label><\/div>\n<div class=\"acf-input\">\n<div class=\"acf-input-wrap\"><input type=\"text\" id=\"acf-field_66bfc65a5a9c6\" name=\"acf[field_66bfc65a5a9c6]\" required=\"required\"\/><\/div><\/div>\n<\/div>\n<div class=\"acf-field acf-field-text acf-field-66bfc67f5a9c7\" data-name=\"name_of_the_event\" data-type=\"text\" data-key=\"field_66bfc67f5a9c7\">\n<div class=\"acf-label\">\n<label for=\"acf-field_66bfc67f5a9c7\">Name of the Event (English)<\/label><\/div>\n<div class=\"acf-input\">\n<div class=\"acf-input-wrap\"><input type=\"text\" id=\"acf-field_66bfc67f5a9c7\" name=\"acf[field_66bfc67f5a9c7]\"\/><\/div><\/div>\n<\/div>\n<div class=\"acf-field acf-field-date-picker acf-field-66bfc6915a9c8 is-required\" data-name=\"start_date\" data-type=\"date_picker\" data-key=\"field_66bfc6915a9c8\" data-required=\"1\">\n<div class=\"acf-label\">\n<label for=\"acf-field_66bfc6915a9c8\">Date de l&#039;\u00e9v\u00e9nement <span class=\"acf-required\">*<\/span><\/label><\/div>\n<div class=\"acf-input\">\n\t\t<div class=\"acf-date-picker acf-input-wrap\" data-date_format=\"dd\/mm\/yy\" data-first_day=\"0\">\n\t\t\t<input type=\"hidden\" id=\"acf-field_66bfc6915a9c8\" name=\"acf[field_66bfc6915a9c8]\" value=\"\"\/>\t\t\t<input type=\"text\" class=\"input\" value=\"\" data-default-to-today=\"0\"\/>\t\t<\/div>\n\t\t\t<\/div>\n<\/div>\n<div class=\"acf-field acf-field-checkbox acf-field-66bfc6b05a9c9\" data-name=\"multiple_days\" data-type=\"checkbox\" data-key=\"field_66bfc6b05a9c9\">\n<div class=\"acf-label\">\n<label id=\"acf-field_66bfc6b05a9c9-label\">Dure-t-il plusieurs jours ?<\/label><\/div>\n<div class=\"acf-input\">\n<input type=\"hidden\" name=\"acf[field_66bfc6b05a9c9]\"\/><ul class=\"acf-checkbox-list acf-bl\" role=\"group\" aria-labelledby=\"acf-field_66bfc6b05a9c9-label\">\n<li><label><input type=\"checkbox\" id=\"acf-field_66bfc6b05a9c9-Oui\" name=\"acf[field_66bfc6b05a9c9][]\" value=\"Oui\"\/> Oui<\/label><\/li>\n<\/ul>\n<\/div>\n<\/div>\n<div class=\"acf-field acf-field-date-picker acf-field-66bfc7af5a9cf\" data-name=\"end_date\" data-type=\"date_picker\" data-key=\"field_66bfc7af5a9cf\" data-conditions=\"[[{&quot;field&quot;:&quot;field_66bfc6b05a9c9&quot;,&quot;operator&quot;:&quot;==&quot;,&quot;value&quot;:&quot;Oui&quot;}]]\">\n<div class=\"acf-label\">\n<label for=\"acf-field_66bfc7af5a9cf\">Dernier jour de l&#039;\u00e9v\u00e9nement<\/label><\/div>\n<div class=\"acf-input\">\n\t\t<div class=\"acf-date-picker acf-input-wrap\" data-date_format=\"dd\/mm\/yy\" data-first_day=\"1\">\n\t\t\t<input type=\"hidden\" id=\"acf-field_66bfc7af5a9cf\" name=\"acf[field_66bfc7af5a9cf]\" value=\"\"\/>\t\t\t<input type=\"text\" class=\"input\" value=\"\" data-default-to-today=\"0\"\/>\t\t<\/div>\n\t\t\t<\/div>\n<\/div>\n<div class=\"acf-field acf-field-checkbox acf-field-66bfc7185a9ca\" data-name=\"evenement_toute_la_journee\" data-type=\"checkbox\" data-key=\"field_66bfc7185a9ca\">\n<div class=\"acf-label\">\n<label id=\"acf-field_66bfc7185a9ca-label\">\u00c9v\u00e9nement toute la journ\u00e9e ?<\/label><\/div>\n<div class=\"acf-input\">\n<input type=\"hidden\" name=\"acf[field_66bfc7185a9ca]\"\/><ul class=\"acf-checkbox-list acf-bl\" role=\"group\" aria-labelledby=\"acf-field_66bfc7185a9ca-label\">\n<li><label><input type=\"checkbox\" id=\"acf-field_66bfc7185a9ca-Oui\" name=\"acf[field_66bfc7185a9ca][]\" value=\"Oui\"\/> Oui<\/label><\/li>\n<\/ul>\n<\/div>\n<\/div>\n<div class=\"acf-field acf-field-time-picker acf-field-66bfc7345a9cb\" data-name=\"time\" data-type=\"time_picker\" data-key=\"field_66bfc7345a9cb\" data-conditions=\"[[{&quot;field&quot;:&quot;field_66bfc7185a9ca&quot;,&quot;operator&quot;:&quot;!=&quot;,&quot;value&quot;:&quot;Oui&quot;}]]\">\n<div class=\"acf-label\">\n<label for=\"acf-field_66bfc7345a9cb\">Debut de l&#039;\u00e9v\u00e9nement<\/label><\/div>\n<div class=\"acf-input\">\n\t\t<div class=\"acf-time-picker acf-input-wrap\" data-time_format=\"h:mm tt\">\n\t\t\t<input type=\"hidden\" id=\"acf-field_66bfc7345a9cb\" class=\"input-alt\" type=\"hidden\" name=\"acf[field_66bfc7345a9cb]\" value=\"\"\/>\t\t\t<input type=\"text\" class=\"input\" value=\"\"\/>\t\t<\/div>\n\t\t\t<\/div>\n<\/div>\n<div class=\"acf-field acf-field-time-picker acf-field-66bfc7505a9cc\" data-name=\"end_time\" data-type=\"time_picker\" data-key=\"field_66bfc7505a9cc\" data-conditions=\"[[{&quot;field&quot;:&quot;field_66bfc7185a9ca&quot;,&quot;operator&quot;:&quot;!=&quot;,&quot;value&quot;:&quot;Oui&quot;}]]\">\n<div class=\"acf-label\">\n<label for=\"acf-field_66bfc7505a9cc\">Fin de l&#039;\u00e9v\u00e9nement<\/label><\/div>\n<div class=\"acf-input\">\n\t\t<div class=\"acf-time-picker acf-input-wrap\" data-time_format=\"h:mm tt\">\n\t\t\t<input type=\"hidden\" id=\"acf-field_66bfc7505a9cc\" class=\"input-alt\" type=\"hidden\" name=\"acf[field_66bfc7505a9cc]\" value=\"\"\/>\t\t\t<input type=\"text\" class=\"input\" value=\"\"\/>\t\t<\/div>\n\t\t\t<\/div>\n<\/div>\n<div class=\"acf-field acf-field-text acf-field-66bfc7625a9cd\" data-name=\"lieu_de_levenement\" data-type=\"text\" data-key=\"field_66bfc7625a9cd\">\n<div class=\"acf-label\">\n<label for=\"acf-field_66bfc7625a9cd\">Lieu de l&#039;\u00e9v\u00e9nement<\/label><\/div>\n<div class=\"acf-input\">\n<div class=\"acf-input-wrap\"><input type=\"text\" id=\"acf-field_66bfc7625a9cd\" name=\"acf[field_66bfc7625a9cd]\"\/><\/div><\/div>\n<\/div>\n<div class=\"acf-field acf-field-column acf-field-66bfc7715a9ce\" data-type=\"column\" data-key=\"field_66bfc7715a9ce\">\n<div class=\"acf-label\">\n<label for=\"acf-field_66bfc7715a9ce\">Column 3 (copy)<\/label><\/div>\n<div class=\"acf-input\">\n\t\t<div class=\"acf_column\">Column 3 (copy)<\/div>\n\t\t<div class=\"acf-column column-layout-1_2\" data-id=\"field_66bfc7715a9ce\" data-column=\"1_2\">&nbsp;<\/div>\t\t<\/div>\n<\/div>\n<div class=\"acf-field acf-field-wysiwyg acf-field-66bfc443e0f51\" data-name=\"about_your_event_francais\" data-type=\"wysiwyg\" data-key=\"field_66bfc443e0f51\">\n<div class=\"acf-label\">\n<label for=\"acf-field_66bfc443e0f51\">\u00c0 propos de votre \u00e9v\u00e9nement (Francais)<\/label><\/div>\n<div class=\"acf-input\">\n\t\t<div id=\"wp-acf-editor-69ed0ebe5eccb-wrap\" class=\"acf-editor-wrap wp-core-ui wp-editor-wrap tmce-active\" data-toolbar=\"full\">\n\t\t\t<div id=\"wp-acf-editor-69ed0ebe5eccb-editor-tools\" class=\"wp-editor-tools hide-if-no-js\">\n\t\t\t\t\t\t\t\t\t\t\t\t\t\t<div class=\"wp-editor-tabs\">\n\t\t\t\t\t\t<button id=\"acf-editor-69ed0ebe5eccb-tmce\" class=\"wp-switch-editor switch-tmce\" data-wp-editor-id=\"acf-editor-69ed0ebe5eccb\" type=\"button\">Visual<\/button>\n\t\t\t\t\t\t<button id=\"acf-editor-69ed0ebe5eccb-html\" class=\"wp-switch-editor switch-html\" data-wp-editor-id=\"acf-editor-69ed0ebe5eccb\" type=\"button\">Text<\/button>\n\t\t\t\t\t<\/div>\n\t\t\t\t\t\t\t<\/div>\n\t\t\t<div id=\"wp-acf-editor-69ed0ebe5eccb-editor-container\" class=\"wp-editor-container\">\n\t\t\t\t\t\t\t\t\t\t<textarea id=\"acf-editor-69ed0ebe5eccb\" class=\"wp-editor-area\" name=\"acf[field_66bfc443e0f51]\" style=\"height:300px;\"><\/textarea>\t\t\t<\/div>\n\t\t<\/div>\n\t\t\t<\/div>\n<\/div>\n<div class=\"acf-field acf-field-wysiwyg acf-field-66bfc47fe0f54\" data-name=\"about_your_event_english\" data-type=\"wysiwyg\" data-key=\"field_66bfc47fe0f54\">\n<div class=\"acf-label\">\n<label for=\"acf-field_66bfc47fe0f54\">About Your Event (English)<\/label><\/div>\n<div class=\"acf-input\">\n\t\t<div id=\"wp-acf-editor-69ed0ebe5eed2-wrap\" class=\"acf-editor-wrap wp-core-ui wp-editor-wrap tmce-active\" data-toolbar=\"full\">\n\t\t\t<div id=\"wp-acf-editor-69ed0ebe5eed2-editor-tools\" class=\"wp-editor-tools hide-if-no-js\">\n\t\t\t\t\t\t\t\t\t\t\t\t\t\t<div class=\"wp-editor-tabs\">\n\t\t\t\t\t\t<button id=\"acf-editor-69ed0ebe5eed2-tmce\" class=\"wp-switch-editor switch-tmce\" data-wp-editor-id=\"acf-editor-69ed0ebe5eed2\" type=\"button\">Visual<\/button>\n\t\t\t\t\t\t<button id=\"acf-editor-69ed0ebe5eed2-html\" class=\"wp-switch-editor switch-html\" data-wp-editor-id=\"acf-editor-69ed0ebe5eed2\" type=\"button\">Text<\/button>\n\t\t\t\t\t<\/div>\n\t\t\t\t\t\t\t<\/div>\n\t\t\t<div id=\"wp-acf-editor-69ed0ebe5eed2-editor-container\" class=\"wp-editor-container\">\n\t\t\t\t\t\t\t\t\t\t<textarea id=\"acf-editor-69ed0ebe5eed2\" class=\"wp-editor-area\" name=\"acf[field_66bfc47fe0f54]\" style=\"height:300px;\"><\/textarea>\t\t\t<\/div>\n\t\t<\/div>\n\t\t\t<\/div>\n<\/div>\n<div class=\"acf-field acf-field-column acf-field-66bfc44de0f53\" data-type=\"column\" data-key=\"field_66bfc44de0f53\">\n<div class=\"acf-label\">\n<label for=\"acf-field_66bfc44de0f53\">Column 3<\/label><\/div>\n<div class=\"acf-input\">\n\t\t<div class=\"acf_column\">Column 3<\/div>\n\t\t<div class=\"acf-column column-layout-1_2\" data-id=\"field_66bfc44de0f53\" data-column=\"1_2\">&nbsp;<\/div>\t\t<\/div>\n<\/div>\n<div class=\"acf-field acf-field-image acf-field-66bfc49ee0f55\" data-name=\"logo\" data-type=\"image\" data-key=\"field_66bfc49ee0f55\">\n<div class=\"acf-label\">\n<label for=\"acf-field_66bfc49ee0f55\">Logo<\/label><\/div>\n<div class=\"acf-input\">\n<div class=\"acf-image-uploader\" data-preview_size=\"medium\" data-library=\"all\" data-mime_types=\"\" data-uploader=\"basic\">\n\t\t\t<input type=\"hidden\" name=\"acf[field_66bfc49ee0f55]\" value=\"\"\/>\t<div class=\"show-if-value image-wrap\" style=\"max-width: 300px\" tabindex=\"0\" role=\"button\" aria-label=\"Selected image. Press tab to access image options.\">\n\t\t<img decoding=\"async\" src=\"\" alt=\"\" data-name=\"image\" style=\"max-height: 300px;\" \/>\n\t\t<div class=\"acf-actions -hover\">\n\t\t\t\t\t\t<a class=\"acf-icon -cancel dark\" data-name=\"remove\" href=\"#\" title=\"Remove\" aria-label=\"Remove image\"><\/a>\n\t\t<\/div>\n\t<\/div>\n\t<div class=\"hide-if-value\">\n\t\t\t\t\t\t\t\t\t\t<label class=\"acf-basic-uploader\">\n\t\t\t\t<input type=\"file\" name=\"acf[field_66bfc49ee0f55]\" id=\"acf-field_66bfc49ee0f55\" key=\"field_66bfc49ee0f55\" \/><input type=\"hidden\" name=\"acf[field_66bfc49ee0f55_file_nonce]\" value=\"3647884685\" \/>\t\t\t<\/label>\n\t\t\t<\/div>\n<\/div>\n\t\t\t<\/div>\n<\/div>\n<div class=\"acf-field acf-field-url acf-field-66bfc5afe0f56\" data-name=\"website\" data-type=\"url\" data-key=\"field_66bfc5afe0f56\">\n<div class=\"acf-label\">\n<label for=\"acf-field_66bfc5afe0f56\">Site-web<\/label><\/div>\n<div class=\"acf-input\">\n<div class=\"acf-input-wrap acf-url\"><i class=\"acf-icon -globe -small\"><\/i><input type=\"url\" id=\"acf-field_66bfc5afe0f56\" name=\"acf[field_66bfc5afe0f56]\"\/><\/div><\/div>\n<\/div>\n<div class=\"acf-field acf-field-url acf-field-66bfc5c2e0f57\" data-name=\"facebook\" data-type=\"url\" data-key=\"field_66bfc5c2e0f57\">\n<div class=\"acf-label\">\n<label for=\"acf-field_66bfc5c2e0f57\">Facebook<\/label><\/div>\n<div class=\"acf-input\">\n<div class=\"acf-input-wrap acf-url\"><i class=\"acf-icon -globe -small\"><\/i><input type=\"url\" id=\"acf-field_66bfc5c2e0f57\" name=\"acf[field_66bfc5c2e0f57]\"\/><\/div><\/div>\n<\/div>\n<div class=\"acf-field acf-field-url acf-field-66bfc5d3e0f58\" data-name=\"instagram\" data-type=\"url\" data-key=\"field_66bfc5d3e0f58\">\n<div class=\"acf-label\">\n<label for=\"acf-field_66bfc5d3e0f58\">Instagram<\/label><\/div>\n<div class=\"acf-input\">\n<div class=\"acf-input-wrap acf-url\"><i class=\"acf-icon -globe -small\"><\/i><input type=\"url\" id=\"acf-field_66bfc5d3e0f58\" name=\"acf[field_66bfc5d3e0f58]\"\/><\/div><\/div>\n<\/div>\n<div class=\"acf-field acf-field-text acf-field-66bfc5dde0f59\" data-name=\"ticket_url\" data-type=\"text\" data-key=\"field_66bfc5dde0f59\">\n<div class=\"acf-label\">\n<label for=\"acf-field_66bfc5dde0f59\">Billets<\/label><\/div>\n<div class=\"acf-input\">\n<div class=\"acf-input-wrap\"><input type=\"text\" id=\"acf-field_66bfc5dde0f59\" name=\"acf[field_66bfc5dde0f59]\"\/><\/div><\/div>\n<\/div>\n<\/div>            <div class=\"acf-form-submit\">\r\n                \r\n                <input type=\"submit\" class=\"acf-button button button-primary button-large\" value=\"Submit\" \/>                <span class=\"acf-spinner\"><\/span>\r\n            <\/div>\r\n        <\/form><\/div>\n\t\t\t\t\t\t<\/div>\n\t\t\t\t<\/div>\n\t\t\t\t<\/div>\n\t\t\t\t<\/div>\n\t\t\t\t\t<\/div>\n\t\t\t\t<\/div>\n\t\t\t\t<\/div>\n\t\t","protected":false},"excerpt":{"rendered":"<p>Residents of L&#8217;Isle-aux-Allumettes, Chichester, and Sheenboro are invited to submit their local events for inclusion in the Pontiac Ouest calendar. Share details of festivals, fundraisers, community meetings, or any other gatherings to help increase visibility and participation. By filling out the form with accurate and complete information, your event could be featured and reach a [&hellip;]<\/p>\n","protected":false},"author":1,"featured_media":175494,"parent":0,"menu_order":0,"comment_status":"closed","ping_status":"closed","template":"","meta":{"_acf_changed":false,"footnotes":""},"class_list":["post-175518","page","type-page","status-publish","has-post-thumbnail","hentry"],"acf":[],"_links":{"self":[{"href":"https:\/\/fortcoulonge.qc.ca\/en\/wp-json\/wp\/v2\/pages\/175518","targetHints":{"allow":["GET"]}}],"collection":[{"href":"https:\/\/fortcoulonge.qc.ca\/en\/wp-json\/wp\/v2\/pages"}],"about":[{"href":"https:\/\/fortcoulonge.qc.ca\/en\/wp-json\/wp\/v2\/types\/page"}],"author":[{"embeddable":true,"href":"https:\/\/fortcoulonge.qc.ca\/en\/wp-json\/wp\/v2\/users\/1"}],"replies":[{"embeddable":true,"href":"https:\/\/fortcoulonge.qc.ca\/en\/wp-json\/wp\/v2\/comments?post=175518"}],"version-history":[{"count":5,"href":"https:\/\/fortcoulonge.qc.ca\/en\/wp-json\/wp\/v2\/pages\/175518\/revisions"}],"predecessor-version":[{"id":178390,"href":"https:\/\/fortcoulonge.qc.ca\/en\/wp-json\/wp\/v2\/pages\/175518\/revisions\/178390"}],"wp:featuredmedia":[{"embeddable":true,"href":"https:\/\/fortcoulonge.qc.ca\/en\/wp-json\/wp\/v2\/media\/175494"}],"wp:attachment":[{"href":"https:\/\/fortcoulonge.qc.ca\/en\/wp-json\/wp\/v2\/media?parent=175518"}],"curies":[{"name":"wp","href":"https:\/\/api.w.org\/{rel}","templated":true}]}}